{"id":102,"date":"2024-04-02T18:03:30","date_gmt":"2024-04-02T18:03:30","guid":{"rendered":"https:\/\/vocovo.kontel.pl\/?page_id=102"},"modified":"2026-04-03T11:49:08","modified_gmt":"2026-04-03T11:49:08","slug":"zestawy-vocovo","status":"publish","type":"page","link":"https:\/\/vocovo.kontel.pl\/?page_id=102","title":{"rendered":"Zestawy VoCoVo"},"content":{"rendered":"\t\t<div data-elementor-type=\"wp-page\" data-elementor-id=\"102\" class=\"elementor elementor-102\" data-elementor-post-type=\"page\">\n\t\t\t\t<div class=\"elementor-element elementor-element-315fcb1d e-grid e-con-full e-con e-parent\" data-id=\"315fcb1d\" data-element_type=\"container\">\n\t\t<div class=\"elementor-element elementor-element-54133d06 e-con-full e-flex e-con e-child\" data-id=\"54133d06\" data-element_type=\"container\">\n\t\t\t\t<div class=\"elementor-element elementor-element-5447bcbe elementor-widget elementor-widget-spacer\" data-id=\"5447bcbe\" data-element_type=\"widget\" data-widget_type=\"spacer.default\">\n\t\t\t\t<div class=\"elementor-widget-container\">\n\t\t\t<link rel=\"stylesheet\" href=\"https:\/\/vocovo.kontel.pl\/wp-content\/plugins\/elementor\/assets\/css\/widget-spacer.min.css?ver=1722412106\">\t\t<div class=\"elementor-spacer\">\n\t\t\t<div class=\"elementor-spacer-inner\"><\/div>\n\t\t<\/div>\n\t\t\t\t<\/div>\n\t\t\t\t<\/div>\n\t\t\t\t<div class=\"elementor-element elementor-element-43d4ce3 elementor-widget elementor-widget-spacer\" data-id=\"43d4ce3\" data-element_type=\"widget\" data-widget_type=\"spacer.default\">\n\t\t\t\t<div class=\"elementor-widget-container\">\n\t\t\t\t\t<div class=\"elementor-spacer\">\n\t\t\t<div class=\"elementor-spacer-inner\"><\/div>\n\t\t<\/div>\n\t\t\t\t<\/div>\n\t\t\t\t<\/div>\n\t\t<div class=\"elementor-element elementor-element-52dfb4d6 e-grid e-con-boxed e-con e-child\" data-id=\"52dfb4d6\" data-element_type=\"container\">\n\t\t\t\t\t<div class=\"e-con-inner\">\n\t\t<div class=\"elementor-element elementor-element-54693d6e e-con-full e-flex e-con e-child\" data-id=\"54693d6e\" data-element_type=\"container\">\n\t\t\t\t<div class=\"elementor-element elementor-element-85f8dfa elementor-widget elementor-widget-heading\" data-id=\"85f8dfa\" data-element_type=\"widget\" data-widget_type=\"heading.default\">\n\t\t\t\t<div class=\"elementor-widget-container\">\n\t\t\t<link rel=\"stylesheet\" href=\"https:\/\/vocovo.kontel.pl\/wp-content\/plugins\/elementor\/assets\/css\/widget-heading.min.css?ver=1722412107\"><h2 class=\"elementor-heading-title elementor-size-default\">Wybierz rozwi\u0105zanie komunikacji grupowej Vocovo dla Twojego biznesu<\/h2>\t\t<\/div>\n\t\t\t\t<\/div>\n\t\t\t\t<div class=\"elementor-element elementor-element-4f28315 elementor-widget elementor-widget-spacer\" data-id=\"4f28315\" data-element_type=\"widget\" data-widget_type=\"spacer.default\">\n\t\t\t\t<div class=\"elementor-widget-container\">\n\t\t\t\t\t<div class=\"elementor-spacer\">\n\t\t\t<div class=\"elementor-spacer-inner\"><\/div>\n\t\t<\/div>\n\t\t\t\t<\/div>\n\t\t\t\t<\/div>\n\t\t\t\t<\/div>\n\t\t<div class=\"elementor-element elementor-element-4dfcf919 e-grid e-con-full e-con e-child\" data-id=\"4dfcf919\" data-element_type=\"container\">\n\t\t<div class=\"elementor-element elementor-element-4ca7bffa e-flex e-con-boxed e-con e-child\" data-id=\"4ca7bffa\" data-element_type=\"container\">\n\t\t\t\t\t<div class=\"e-con-inner\">\n\t\t\t\t<div class=\"elementor-element elementor-element-26b61169 elementor-widget elementor-widget-image\" data-id=\"26b61169\" data-element_type=\"widget\" data-widget_type=\"image.default\">\n\t\t\t\t<div class=\"elementor-widget-container\">\n\t\t\t\t\t\t\t\t\t\t\t\t\t<img fetchpriority=\"high\" decoding=\"async\" width=\"300\" height=\"300\" src=\"https:\/\/vocovo.kontel.pl\/wp-content\/uploads\/2024\/07\/vocovo-link-4-kontel-polska-300x300.png\" class=\"attachment-medium size-medium wp-image-282\" alt=\"\" srcset=\"https:\/\/vocovo.kontel.pl\/wp-content\/uploads\/2024\/07\/vocovo-link-4-kontel-polska-300x300.png 300w, https:\/\/vocovo.kontel.pl\/wp-content\/uploads\/2024\/07\/vocovo-link-4-kontel-polska-150x150.png 150w, https:\/\/vocovo.kontel.pl\/wp-content\/uploads\/2024\/07\/vocovo-link-4-kontel-polska.png 500w\" sizes=\"(max-width: 300px) 100vw, 300px\" \/>\t\t\t\t\t\t\t\t\t\t\t\t\t<\/div>\n\t\t\t\t<\/div>\n\t\t\t\t<div class=\"elementor-element elementor-element-6d5f9a8e elementor-widget elementor-widget-heading\" data-id=\"6d5f9a8e\" data-element_type=\"widget\" data-widget_type=\"heading.default\">\n\t\t\t\t<div class=\"elementor-widget-container\">\n\t\t\t<h4 class=\"elementor-heading-title elementor-size-default\">VoCoVo <b>LINK<\/b><\/h4>\t\t<\/div>\n\t\t\t\t<\/div>\n\t\t<div class=\"elementor-element elementor-element-f67d5e7 e-con-full e-flex e-con e-child\" data-id=\"f67d5e7\" data-element_type=\"container\">\n\t\t<div class=\"elementor-element elementor-element-4dd0d95 e-con-full e-flex e-con e-child\" data-id=\"4dd0d95\" data-element_type=\"container\">\n\t\t\t\t<div class=\"elementor-element elementor-element-89f9fb8 elementor-widget__width-initial elementor-widget elementor-widget-heading\" data-id=\"89f9fb8\" data-element_type=\"widget\" data-widget_type=\"heading.default\">\n\t\t\t\t<div class=\"elementor-widget-container\">\n\t\t\t<h6 class=\"elementor-heading-title elementor-size-default\">do 8 <br>u\u017cytkownik\u00f3w<\/h6>\t\t<\/div>\n\t\t\t\t<\/div>\n\t\t\t\t<div class=\"elementor-element elementor-element-989746b elementor-widget__width-initial elementor-view-default elementor-widget elementor-widget-icon\" data-id=\"989746b\" data-element_type=\"widget\" data-widget_type=\"icon.default\">\n\t\t\t\t<div class=\"elementor-widget-container\">\n\t\t\t\t\t<div class=\"elementor-icon-wrapper\">\n\t\t\t<div class=\"elementor-icon\">\n\t\t\t<svg aria-hidden=\"true\" class=\"e-font-icon-svg e-fas-user-friends\" viewBox=\"0 0 640 512\" xmlns=\"http:\/\/www.w3.org\/2000\/svg\"><path d=\"M192 256c61.9 0 112-50.1 112-112S253.9 32 192 32 80 82.1 80 144s50.1 112 112 112zm76.8 32h-8.3c-20.8 10-43.9 16-68.5 16s-47.6-6-68.5-16h-8.3C51.6 288 0 339.6 0 403.2V432c0 26.5 21.5 48 48 48h288c26.5 0 48-21.5 48-48v-28.8c0-63.6-51.6-115.2-115.2-115.2zM480 256c53 0 96-43 96-96s-43-96-96-96-96 43-96 96 43 96 96 96zm48 32h-3.8c-13.9 4.8-28.6 8-44.2 8s-30.3-3.2-44.2-8H432c-20.4 0-39.2 5.9-55.7 15.4 24.4 26.3 39.7 61.2 39.7 99.8v38.4c0 2.2-.5 4.3-.6 6.4H592c26.5 0 48-21.5 48-48 0-61.9-50.1-112-112-112z\"><\/path><\/svg>\t\t\t<\/div>\n\t\t<\/div>\n\t\t\t\t<\/div>\n\t\t\t\t<\/div>\n\t\t\t\t<\/div>\n\t\t\t\t<\/div>\n\t\t\t\t<div class=\"elementor-element elementor-element-59d40eb6 elementor-widget elementor-widget-text-editor\" data-id=\"59d40eb6\" data-element_type=\"widget\" data-widget_type=\"text-editor.default\">\n\t\t\t\t<div class=\"elementor-widget-container\">\n\t\t\t<link rel=\"stylesheet\" href=\"https:\/\/vocovo.kontel.pl\/wp-content\/plugins\/elementor\/assets\/css\/widget-text-editor.min.css?ver=1722412107\">\t\t\t\t<p><span class=\"jCAhz JxVs2d ChMk0b\"><span class=\"ryNqvb\">Zaprojektowany dla ma\u0142ych zespo\u0142\u00f3w, VoCoVo Link to pakietowe rozwi\u0105zanie, kt\u00f3re wprost po wyj\u0119ciu z pude\u0142ka \u0142\u0105czy 4 u\u017cytkownik\u00f3w. Mo\u017cesz sparowa\u0107 ze sob\u0105 2 zestawy Link i uzyska\u0107 rozwi\u0105zanie dla 8 u\u017cytkownik\u00f3w.<\/span><\/span>\u00a0<span class=\"jCAhz JxVs2d ChMk0b\"><span class=\"ryNqvb\">Konfiguracja zajmuje tylko kilka minut i zapewnia zespo\u0142owi b\u0142yskawiczn\u0105 i dyskretn\u0105 komunikacj\u0119.<\/span><\/span><\/p>\t\t\t\t\t\t<\/div>\n\t\t\t\t<\/div>\n\t\t\t\t\t<\/div>\n\t\t\t\t<\/div>\n\t\t<div class=\"elementor-element elementor-element-81ccd6 e-con-full e-flex e-con e-child\" data-id=\"81ccd6\" data-element_type=\"container\">\n\t\t\t\t<div class=\"elementor-element elementor-element-18c445fa elementor-widget elementor-widget-image\" data-id=\"18c445fa\" data-element_type=\"widget\" data-widget_type=\"image.default\">\n\t\t\t\t<div class=\"elementor-widget-container\">\n\t\t\t\t\t\t\t\t\t\t\t\t\t<img decoding=\"async\" width=\"300\" height=\"300\" src=\"https:\/\/vocovo.kontel.pl\/wp-content\/uploads\/2024\/07\/vocovo-go-kontel-polska-300x300.png\" class=\"attachment-medium size-medium wp-image-284\" alt=\"\" srcset=\"https:\/\/vocovo.kontel.pl\/wp-content\/uploads\/2024\/07\/vocovo-go-kontel-polska-300x300.png 300w, https:\/\/vocovo.kontel.pl\/wp-content\/uploads\/2024\/07\/vocovo-go-kontel-polska-150x150.png 150w, https:\/\/vocovo.kontel.pl\/wp-content\/uploads\/2024\/07\/vocovo-go-kontel-polska.png 400w\" sizes=\"(max-width: 300px) 100vw, 300px\" \/>\t\t\t\t\t\t\t\t\t\t\t\t\t<\/div>\n\t\t\t\t<\/div>\n\t\t\t\t<div class=\"elementor-element elementor-element-1d673d04 elementor-widget elementor-widget-heading\" data-id=\"1d673d04\" data-element_type=\"widget\" data-widget_type=\"heading.default\">\n\t\t\t\t<div class=\"elementor-widget-container\">\n\t\t\t<h4 class=\"elementor-heading-title elementor-size-default\">VoCoVo <b>GO<\/b><\/h4>\t\t<\/div>\n\t\t\t\t<\/div>\n\t\t<div class=\"elementor-element elementor-element-519bfcf e-con-full e-flex e-con e-child\" data-id=\"519bfcf\" data-element_type=\"container\">\n\t\t\t\t<div class=\"elementor-element elementor-element-d01b79b elementor-widget__width-initial elementor-widget elementor-widget-heading\" data-id=\"d01b79b\" data-element_type=\"widget\" data-widget_type=\"heading.default\">\n\t\t\t\t<div class=\"elementor-widget-container\">\n\t\t\t<h6 class=\"elementor-heading-title elementor-size-default\">do 29<br>u\u017cytkownik\u00f3w<\/h6>\t\t<\/div>\n\t\t\t\t<\/div>\n\t\t\t\t<div class=\"elementor-element elementor-element-304bae6 elementor-widget__width-initial elementor-view-default elementor-widget elementor-widget-icon\" data-id=\"304bae6\" data-element_type=\"widget\" data-widget_type=\"icon.default\">\n\t\t\t\t<div class=\"elementor-widget-container\">\n\t\t\t\t\t<div class=\"elementor-icon-wrapper\">\n\t\t\t<div class=\"elementor-icon\">\n\t\t\t<svg aria-hidden=\"true\" class=\"e-font-icon-svg e-fas-user-friends\" viewBox=\"0 0 640 512\" xmlns=\"http:\/\/www.w3.org\/2000\/svg\"><path d=\"M192 256c61.9 0 112-50.1 112-112S253.9 32 192 32 80 82.1 80 144s50.1 112 112 112zm76.8 32h-8.3c-20.8 10-43.9 16-68.5 16s-47.6-6-68.5-16h-8.3C51.6 288 0 339.6 0 403.2V432c0 26.5 21.5 48 48 48h288c26.5 0 48-21.5 48-48v-28.8c0-63.6-51.6-115.2-115.2-115.2zM480 256c53 0 96-43 96-96s-43-96-96-96-96 43-96 96 43 96 96 96zm48 32h-3.8c-13.9 4.8-28.6 8-44.2 8s-30.3-3.2-44.2-8H432c-20.4 0-39.2 5.9-55.7 15.4 24.4 26.3 39.7 61.2 39.7 99.8v38.4c0 2.2-.5 4.3-.6 6.4H592c26.5 0 48-21.5 48-48 0-61.9-50.1-112-112-112z\"><\/path><\/svg>\t\t\t<\/div>\n\t\t<\/div>\n\t\t\t\t<\/div>\n\t\t\t\t<\/div>\n\t\t\t\t<\/div>\n\t\t\t\t<div class=\"elementor-element elementor-element-29a8804b elementor-widget elementor-widget-text-editor\" data-id=\"29a8804b\" data-element_type=\"widget\" data-widget_type=\"text-editor.default\">\n\t\t\t\t<div class=\"elementor-widget-container\">\n\t\t\t\t\t\t\t<p><span class=\"jCAhz JxVs2d ChMk0b\"><span class=\"ryNqvb\">Po\u0142\u0105cz nawet 29 os\u00f3b z zespo\u0142u \u2013 po prostu w\u0142\u0105cz stacj\u0119 bazow\u0105 do zasilania i zacznijcie si\u0119 komunikowa\u0107.<\/span><\/span>\u00a0Przy pracy zmianowej k<span class=\"jCAhz JxVs2d ChMk0b\"><span class=\"ryNqvb\">a\u017cdy pracownik powinien mie\u0107 w\u0142asny pa\u0142\u0105k do s\u0142uchawki, aby zapewni\u0107 optymalny komfort i higien\u0119 \u2013 wybierz pomi\u0119dzy pa\u0142\u0105kiem na g\u0142ow\u0119, pa\u0142\u0105kiem na szyj\u0119 lub zaczepem na ucho.<\/span><\/span><\/p>\t\t\t\t\t\t<\/div>\n\t\t\t\t<\/div>\n\t\t\t\t<\/div>\n\t\t<div class=\"elementor-element elementor-element-1435c936 e-con-full e-flex e-con e-child\" data-id=\"1435c936\" data-element_type=\"container\">\n\t\t\t\t<div class=\"elementor-element elementor-element-13032f7d elementor-widget elementor-widget-image\" data-id=\"13032f7d\" data-element_type=\"widget\" data-widget_type=\"image.default\">\n\t\t\t\t<div class=\"elementor-widget-container\">\n\t\t\t\t\t\t\t\t\t\t\t\t\t<img decoding=\"async\" width=\"300\" height=\"300\" src=\"https:\/\/vocovo.kontel.pl\/wp-content\/uploads\/2024\/07\/vocovo-go-plus-enterprise-kontel-polska-300x300.png\" class=\"attachment-medium size-medium wp-image-283\" alt=\"\" srcset=\"https:\/\/vocovo.kontel.pl\/wp-content\/uploads\/2024\/07\/vocovo-go-plus-enterprise-kontel-polska-300x300.png 300w, https:\/\/vocovo.kontel.pl\/wp-content\/uploads\/2024\/07\/vocovo-go-plus-enterprise-kontel-polska-150x150.png 150w, https:\/\/vocovo.kontel.pl\/wp-content\/uploads\/2024\/07\/vocovo-go-plus-enterprise-kontel-polska.png 400w\" sizes=\"(max-width: 300px) 100vw, 300px\" \/>\t\t\t\t\t\t\t\t\t\t\t\t\t<\/div>\n\t\t\t\t<\/div>\n\t\t\t\t<div class=\"elementor-element elementor-element-183f0229 elementor-widget elementor-widget-heading\" data-id=\"183f0229\" data-element_type=\"widget\" data-widget_type=\"heading.default\">\n\t\t\t\t<div class=\"elementor-widget-container\">\n\t\t\t<h4 class=\"elementor-heading-title elementor-size-default\">VoCoVo <b>ENTERPRISE<\/b><\/h4>\t\t<\/div>\n\t\t\t\t<\/div>\n\t\t<div class=\"elementor-element elementor-element-d35942f e-con-full e-flex e-con e-child\" data-id=\"d35942f\" data-element_type=\"container\">\n\t\t<div class=\"elementor-element elementor-element-51b057c e-con-full e-flex e-con e-child\" data-id=\"51b057c\" data-element_type=\"container\">\n\t\t\t\t<div class=\"elementor-element elementor-element-a79eb72 elementor-widget__width-initial elementor-widget elementor-widget-heading\" data-id=\"a79eb72\" data-element_type=\"widget\" data-widget_type=\"heading.default\">\n\t\t\t\t<div class=\"elementor-widget-container\">\n\t\t\t<h6 class=\"elementor-heading-title elementor-size-default\">do 4000<br>u\u017cytkownik\u00f3w<\/h6>\t\t<\/div>\n\t\t\t\t<\/div>\n\t\t\t\t<div class=\"elementor-element elementor-element-dc9b0c5 elementor-widget__width-initial elementor-view-default elementor-widget elementor-widget-icon\" data-id=\"dc9b0c5\" data-element_type=\"widget\" data-widget_type=\"icon.default\">\n\t\t\t\t<div class=\"elementor-widget-container\">\n\t\t\t\t\t<div class=\"elementor-icon-wrapper\">\n\t\t\t<div class=\"elementor-icon\">\n\t\t\t<svg aria-hidden=\"true\" class=\"e-font-icon-svg e-fas-user-friends\" viewBox=\"0 0 640 512\" xmlns=\"http:\/\/www.w3.org\/2000\/svg\"><path d=\"M192 256c61.9 0 112-50.1 112-112S253.9 32 192 32 80 82.1 80 144s50.1 112 112 112zm76.8 32h-8.3c-20.8 10-43.9 16-68.5 16s-47.6-6-68.5-16h-8.3C51.6 288 0 339.6 0 403.2V432c0 26.5 21.5 48 48 48h288c26.5 0 48-21.5 48-48v-28.8c0-63.6-51.6-115.2-115.2-115.2zM480 256c53 0 96-43 96-96s-43-96-96-96-96 43-96 96 43 96 96 96zm48 32h-3.8c-13.9 4.8-28.6 8-44.2 8s-30.3-3.2-44.2-8H432c-20.4 0-39.2 5.9-55.7 15.4 24.4 26.3 39.7 61.2 39.7 99.8v38.4c0 2.2-.5 4.3-.6 6.4H592c26.5 0 48-21.5 48-48 0-61.9-50.1-112-112-112z\"><\/path><\/svg>\t\t\t<\/div>\n\t\t<\/div>\n\t\t\t\t<\/div>\n\t\t\t\t<\/div>\n\t\t\t\t<\/div>\n\t\t\t\t<\/div>\n\t\t\t\t<div class=\"elementor-element elementor-element-5dfb3abd elementor-widget elementor-widget-text-editor\" data-id=\"5dfb3abd\" data-element_type=\"widget\" data-widget_type=\"text-editor.default\">\n\t\t\t\t<div class=\"elementor-widget-container\">\n\t\t\t\t\t\t\t<p><span class=\"jCAhz JxVs2d ChMk0b\"><span class=\"ryNqvb\">Wi\u0119kszy obszar lub wi\u0119cej u\u017cytkownik\u00f3w? Mo\u017cesz&nbsp;doda\u0107 przyciski klienta \u2013 idealne rozwi\u0105zanie w przypadku odbior\u00f3w Click &amp; Collect lub alejek sklepowych, gdzie klienci mog\u0105 potrzebowa\u0107 wsparcia.<\/span><\/span> <span class=\"jCAhz JxVs2d ChMk0b\"><span class=\"ryNqvb\">Dostarczany z zestawami s\u0142uchawkowymi VoCoVo Seria 5 Pro nowej generacji i przygotowany do integracji z telefoni\u0105 i API.<\/span><\/span><\/p>\t\t\t\t\t\t<\/div>\n\t\t\t\t<\/div>\n\t\t\t\t<\/div>\n\t\t\t\t<\/div>\n\t\t\t\t\t<\/div>\n\t\t\t\t<\/div>\n\t\t\t\t<\/div>\n\t\t\t\t<\/div>\n\t\t<div class=\"elementor-element elementor-element-3b87839d e-con-full e-flex e-con e-parent\" data-id=\"3b87839d\" data-element_type=\"container\" data-settings=\"{&quot;background_background&quot;:&quot;video&quot;,&quot;background_video_link&quot;:&quot;https:\\\/\\\/youtu.be\\\/gDeKTt1AqzY&quot;,&quot;background_video_start&quot;:0,&quot;background_video_end&quot;:21,&quot;background_play_on_mobile&quot;:&quot;yes&quot;}\">\n\t\t<div class=\"elementor-background-video-container\">\n\t\t\t\t\t\t\t<div class=\"elementor-background-video-embed\"><\/div>\n\t\t\t\t\t\t<\/div>\t\t<\/div>\n\t\t<div class=\"elementor-element elementor-element-ec87ddf e-flex e-con-boxed e-con e-parent\" data-id=\"ec87ddf\" data-element_type=\"container\">\n\t\t\t\t\t<div class=\"e-con-inner\">\n\t\t<div class=\"elementor-element elementor-element-0eebf09 e-con-full e-flex e-con e-child\" data-id=\"0eebf09\" data-element_type=\"container\">\n\t\t\t\t<div class=\"elementor-element elementor-element-1aae112 elementor-widget elementor-widget-spacer\" data-id=\"1aae112\" data-element_type=\"widget\" data-widget_type=\"spacer.default\">\n\t\t\t\t<div class=\"elementor-widget-container\">\n\t\t\t\t\t<div class=\"elementor-spacer\">\n\t\t\t<div class=\"elementor-spacer-inner\"><\/div>\n\t\t<\/div>\n\t\t\t\t<\/div>\n\t\t\t\t<\/div>\n\t\t\t\t<div class=\"elementor-element elementor-element-855340b elementor-widget elementor-widget-heading\" data-id=\"855340b\" data-element_type=\"widget\" data-widget_type=\"heading.default\">\n\t\t\t\t<div class=\"elementor-widget-container\">\n\t\t\t<h2 class=\"elementor-heading-title elementor-size-default\">Por\u00f3wnanie rozwi\u0105za\u0144 VoCoVo<\/h2>\t\t<\/div>\n\t\t\t\t<\/div>\n\t\t\t\t<div class=\"elementor-element elementor-element-a233be5 elementor-widget elementor-widget-Table\" data-id=\"a233be5\" data-element_type=\"widget\" data-widget_type=\"Table.default\">\n\t\t\t\t<div class=\"elementor-widget-container\">\n\t\t\t\t\t<table class=\"tafe-table \">\n\t\t\t<thead  class=\"tafe-table-header\">\n\t\t\t\t<tr>\n\t\t\t\t\t<th class=\"elementor-inline-editing elementor-repeater-item-96bf2d0\"   ><\/th><th class=\"elementor-inline-editing elementor-repeater-item-948f974\"   >VoCoVo LINK<\/th><th class=\"elementor-inline-editing elementor-repeater-item-860326a\"   >VoCoVo GO<\/th><th class=\"elementor-inline-editing elementor-repeater-item-4186723\"   >VoCoVo ENTERPRISE<\/th>\t\t\t\t<\/tr>\n\t\t\t<\/thead>\n\t\t\t\t\t\t<tbody class=\"tafe-table-body\">\n\t\t\t\t<tr>\n\t\t\t\t\t<\/tr><tr><td data-label=\"\"   class=\"elementor-repeater-item-0933b41 td-content-type-default\" >\n<b>Maksymalna liczba u\u017cytkownik\u00f3w<\/b><\/td><td data-label=\"VoCoVo LINK\"   class=\"elementor-repeater-item-df09a88 td-content-type-default\" >8<\/td><td data-label=\"VoCoVo GO\"   class=\"elementor-repeater-item-e3e0284 td-content-type-default\" >29<\/td><td data-label=\"VoCoVo ENTERPRISE\"   class=\"elementor-repeater-item-07fd1d4 td-content-type-default\" >4000<\/td><\/tr><tr><td data-label=\"\"   class=\"elementor-repeater-item-b1c9961 td-content-type-default\" ><b>Ilo\u015b\u0107 i zasi\u0119g stacji bazowych<\/b><\/td><td data-label=\"VoCoVo LINK\"   class=\"elementor-repeater-item-5c24fea td-content-type-default\" >1-2 stacje, do 50 metr\u00f3w ka\u017cda<\/td><td data-label=\"VoCoVo GO\"   class=\"elementor-repeater-item-95586cf td-content-type-default\" >jedna stacja, do 120 metr\u00f3w<\/td><td data-label=\"VoCoVo ENTERPRISE\"   class=\"elementor-repeater-item-7173ba5 td-content-type-default\" >wiele stacji, do 120 metr\u00f3w ka\u017cda<\/td><\/tr><tr><td data-label=\"\"   class=\"elementor-repeater-item-6d63579 td-content-type-default\" ><b>Repeater stacji bazowej<\/b><\/td><td data-label=\"VoCoVo LINK\"   class=\"elementor-repeater-item-653afb5 td-content-type-default\" >-<\/td><td data-label=\"VoCoVo GO\"   class=\"elementor-repeater-item-898efea td-content-type-default\" >do 3 repeater\u00f3w<\/td><td data-label=\"VoCoVo ENTERPRISE\"   class=\"elementor-repeater-item-5b8e514 td-content-type-default\" >wiele repeater\u00f3w<\/td><\/tr><tr><td data-label=\"\"   class=\"elementor-repeater-item-89efd79 td-content-type-default\" ><b>Model s\u0142uchawek<\/b><\/td><td data-label=\"VoCoVo LINK\"   class=\"elementor-repeater-item-928487a td-content-type-default\" >Seria 5e<\/td><td data-label=\"VoCoVo GO\"   class=\"elementor-repeater-item-4fae70e td-content-type-default\" >Seria 4<\/td><td data-label=\"VoCoVo ENTERPRISE\"   class=\"elementor-repeater-item-2623302 td-content-type-default\" >Seria 5 Pro<\/td><\/tr><tr><td data-label=\"\"   class=\"elementor-repeater-item-15aa6b5 td-content-type-default\" ><b>Odporno\u015b\u0107 s\u0142uchawki<\/b><\/td><td data-label=\"VoCoVo LINK\"   class=\"elementor-repeater-item-9b682c6 td-content-type-default\" >IP65<\/td><td data-label=\"VoCoVo GO\"   class=\"elementor-repeater-item-9e53a76 td-content-type-default\" >IP20<\/td><td data-label=\"VoCoVo ENTERPRISE\"   class=\"elementor-repeater-item-6117fa1 td-content-type-default\" >IP65<\/td><\/tr><tr><td data-label=\"\"   class=\"elementor-repeater-item-771a7e1 td-content-type-default\" ><b>Akumulator w s\u0142uchawce<\/b><\/td><td data-label=\"VoCoVo LINK\"   class=\"elementor-repeater-item-318a1f9 td-content-type-default\" >do 40 h<br>\n335 mAh<br>\nWymienny<\/td><td data-label=\"VoCoVo GO\"   class=\"elementor-repeater-item-892a0c8 td-content-type-default\" >do 48 h<br>\n320 mAh<br>\nSta\u0142y<\/td><td data-label=\"VoCoVo ENTERPRISE\"   class=\"elementor-repeater-item-5188f5f td-content-type-default\" >do 40 h<br>\n335 mAh<br>\nWymienny<\/td><\/tr><tr><td data-label=\"\"   class=\"elementor-repeater-item-b397e9a td-content-type-default\" ><b>Waga s\u0142uchawki<\/b><\/td><td data-label=\"VoCoVo LINK\"   class=\"elementor-repeater-item-fea5535 td-content-type-default\" >32 g (bez pa\u0142\u0105ka)<\/td><td data-label=\"VoCoVo GO\"   class=\"elementor-repeater-item-d0764a4 td-content-type-default\" >28 g (bez pa\u0142\u0105ka)<\/td><td data-label=\"VoCoVo ENTERPRISE\"   class=\"elementor-repeater-item-4549921 td-content-type-default\" >32 g (bez pa\u0142\u0105ka)<\/td><\/tr><tr><td data-label=\"\"   class=\"elementor-repeater-item-c11e4e0 td-content-type-default\" ><b>Styl noszenia s\u0142uchawki<\/b><\/td><td data-label=\"VoCoVo LINK\"   class=\"elementor-repeater-item-2f502c6 td-content-type-default\" >Pa\u0142\u0105k na g\u0142ow\u0119<br>\nPa\u0142\u0105k na szyj\u0119<\/td><td data-label=\"VoCoVo GO\"   class=\"elementor-repeater-item-cbde491 td-content-type-default\" >Pa\u0142\u0105k na g\u0142ow\u0119<br>\nPa\u0142\u0105k na szyj\u0119<br>\nZaczep na ucho<\/td><td data-label=\"VoCoVo ENTERPRISE\"   class=\"elementor-repeater-item-6f0bfc4 td-content-type-default\" >Pa\u0142\u0105k na g\u0142ow\u0119<br>\nPa\u0142\u0105k na szyj\u0119<\/td><\/tr><tr><td data-label=\"\"   class=\"elementor-repeater-item-7b36561 td-content-type-default\" ><b>Obs\u0142uga przycisku klienckiego i pracownika<\/b><\/td><td data-label=\"VoCoVo LINK\"   class=\"elementor-repeater-item-71e03e5 td-content-type-default\" >\u2014<\/td><td data-label=\"VoCoVo GO\"   class=\"elementor-repeater-item-2b515e8 td-content-type-default\" >\u2014<\/td><td data-label=\"VoCoVo ENTERPRISE\"   class=\"elementor-repeater-item-d560f4a td-content-type-default\" >Tak<\/td><\/tr><tr><td data-label=\"\"   class=\"elementor-repeater-item-8d9c786 td-content-type-default\" ><b>Obs\u0142uga bezprzewodowego telefonu<\/b><\/td><td data-label=\"VoCoVo LINK\"   class=\"elementor-repeater-item-b383e90 td-content-type-default\" >\u2014<\/td><td data-label=\"VoCoVo GO\"   class=\"elementor-repeater-item-6791df1 td-content-type-default\" >Tak<\/td><td data-label=\"VoCoVo ENTERPRISE\"   class=\"elementor-repeater-item-8aa42da td-content-type-default\" >Tak<\/td><\/tr><tr><td data-label=\"\"   class=\"elementor-repeater-item-679fed2 td-content-type-default\" ><b>Integracja z telefoni\u0105<\/b><\/td><td data-label=\"VoCoVo LINK\"   class=\"elementor-repeater-item-d756aa0 td-content-type-default\" >\u2014<\/td><td data-label=\"VoCoVo GO\"   class=\"elementor-repeater-item-2a5a299 td-content-type-default\" >\u2014<\/td><td data-label=\"VoCoVo ENTERPRISE\"   class=\"elementor-repeater-item-feffbc1 td-content-type-default\" >Tak<\/td><\/tr><tr><td data-label=\"\"   class=\"elementor-repeater-item-1ac30de td-content-type-default\" ><b>Integracja API<\/b><\/td><td data-label=\"VoCoVo LINK\"   class=\"elementor-repeater-item-ed377bf td-content-type-default\" >\u2014<\/td><td data-label=\"VoCoVo GO\"   class=\"elementor-repeater-item-91352f6 td-content-type-default\" >\u2014<\/td><td data-label=\"VoCoVo ENTERPRISE\"   class=\"elementor-repeater-item-a94bd41 td-content-type-default\" >Tak<\/td><\/tr><tr><td data-label=\"\"   class=\"elementor-repeater-item-5c5a94f td-content-type-default\" ><b>Kompatybilno\u015b\u0107 z Vocovo Portal<\/b><\/td><td data-label=\"VoCoVo LINK\"   class=\"elementor-repeater-item-cfb6baa td-content-type-default\" >\u2014<\/td><td data-label=\"VoCoVo GO\"   class=\"elementor-repeater-item-3886ff8 td-content-type-default\" >\u2014<\/td><td data-label=\"VoCoVo ENTERPRISE\"   class=\"elementor-repeater-item-294e581 td-content-type-default\" >Tak<\/td>\t\t\t\t<\/tr>\n\t\t\t<\/tbody>\n\t\t<\/table>\n\t\t\n\t\t\t\t<\/div>\n\t\t\t\t<\/div>\n\t\t\t\t<div class=\"elementor-element elementor-element-64c98f8 elementor-widget elementor-widget-spacer\" data-id=\"64c98f8\" data-element_type=\"widget\" data-widget_type=\"spacer.default\">\n\t\t\t\t<div class=\"elementor-widget-container\">\n\t\t\t\t\t<div class=\"elementor-spacer\">\n\t\t\t<div class=\"elementor-spacer-inner\"><\/div>\n\t\t<\/div>\n\t\t\t\t<\/div>\n\t\t\t\t<\/div>\n\t\t\t\t<\/div>\n\t\t\t\t\t<\/div>\n\t\t\t\t<\/div>\n\t\t\t\t<\/div>\n\t\t","protected":false},"excerpt":{"rendered":"<p>Wybierz rozwi\u0105zanie komunikacji grupowej Vocovo dla Twojego biznesu VoCoVo LINK do 8 u\u017cytkownik\u00f3w Zaprojektowany dla ma\u0142ych zespo\u0142\u00f3w, VoCoVo Link to pakietowe rozwi\u0105zanie, kt\u00f3re wprost po wyj\u0119ciu z pude\u0142ka \u0142\u0105czy 4 u\u017cytkownik\u00f3w. Mo\u017cesz sparowa\u0107 ze sob\u0105 2 zestawy Link i uzyska\u0107 rozwi\u0105zanie dla 8 u\u017cytkownik\u00f3w.\u00a0Konfiguracja zajmuje tylko kilka minut i zapewnia zespo\u0142owi b\u0142yskawiczn\u0105 i dyskretn\u0105 komunikacj\u0119. [&hellip;]<\/p>\n","protected":false},"author":1,"featured_media":0,"parent":0,"menu_order":0,"comment_status":"closed","ping_status":"closed","template":"elementor_header_footer","meta":{"footnotes":""},"class_list":["post-102","page","type-page","status-publish","hentry"],"_links":{"self":[{"href":"https:\/\/vocovo.kontel.pl\/index.php?rest_route=\/wp\/v2\/pages\/102","targetHints":{"allow":["GET"]}}],"collection":[{"href":"https:\/\/vocovo.kontel.pl\/index.php?rest_route=\/wp\/v2\/pages"}],"about":[{"href":"https:\/\/vocovo.kontel.pl\/index.php?rest_route=\/wp\/v2\/types\/page"}],"author":[{"embeddable":true,"href":"https:\/\/vocovo.kontel.pl\/index.php?rest_route=\/wp\/v2\/users\/1"}],"replies":[{"embeddable":true,"href":"https:\/\/vocovo.kontel.pl\/index.php?rest_route=%2Fwp%2Fv2%2Fcomments&post=102"}],"version-history":[{"count":25,"href":"https:\/\/vocovo.kontel.pl\/index.php?rest_route=\/wp\/v2\/pages\/102\/revisions"}],"predecessor-version":[{"id":647,"href":"https:\/\/vocovo.kontel.pl\/index.php?rest_route=\/wp\/v2\/pages\/102\/revisions\/647"}],"wp:attachment":[{"href":"https:\/\/vocovo.kontel.pl\/index.php?rest_route=%2Fwp%2Fv2%2Fmedia&parent=102"}],"curies":[{"name":"wp","href":"https:\/\/api.w.org\/{rel}","templated":true}]}}