{"id":413,"date":"2024-07-19T07:38:23","date_gmt":"2024-07-19T07:38:23","guid":{"rendered":"https:\/\/vocovo.kontel.pl\/?page_id=413"},"modified":"2024-10-30T14:41:10","modified_gmt":"2024-10-30T14:41:10","slug":"kontakt","status":"publish","type":"page","link":"https:\/\/vocovo.kontel.pl\/?page_id=413","title":{"rendered":"Kontakt"},"content":{"rendered":"\t\t<div data-elementor-type=\"wp-page\" data-elementor-id=\"413\" class=\"elementor elementor-413\" data-elementor-post-type=\"page\">\n\t\t\t\t<div class=\"elementor-element elementor-element-79ae331 e-flex e-con-boxed e-con e-child\" data-id=\"79ae331\" data-element_type=\"container\">\n\t\t\t\t\t<div class=\"e-con-inner\">\n\t\t\t\t<div class=\"elementor-element elementor-element-d77a384 elementor-widget elementor-widget-spacer\" data-id=\"d77a384\" data-element_type=\"widget\" data-widget_type=\"spacer.default\">\n\t\t\t\t<div class=\"elementor-widget-container\">\n\t\t\t<link rel=\"stylesheet\" href=\"https:\/\/vocovo.kontel.pl\/wp-content\/plugins\/elementor\/assets\/css\/widget-spacer.min.css?ver=1722412106\">\t\t<div class=\"elementor-spacer\">\n\t\t\t<div class=\"elementor-spacer-inner\"><\/div>\n\t\t<\/div>\n\t\t\t\t<\/div>\n\t\t\t\t<\/div>\n\t\t<div class=\"elementor-element elementor-element-ec3b7c3 e-con-full e-flex e-con e-child\" data-id=\"ec3b7c3\" data-element_type=\"container\">\n\t\t<div class=\"elementor-element elementor-element-da97f04 e-grid e-con-full e-con e-child\" data-id=\"da97f04\" data-element_type=\"container\">\n\t\t\t\t<div class=\"elementor-element elementor-element-43bc6ce elementor-widget elementor-widget-image\" data-id=\"43bc6ce\" data-element_type=\"widget\" data-widget_type=\"image.default\">\n\t\t\t\t<div class=\"elementor-widget-container\">\n\t\t\t\t\t\t\t\t\t\t\t\t\t<img decoding=\"async\" width=\"150\" height=\"150\" src=\"https:\/\/vocovo.kontel.pl\/wp-content\/uploads\/2024\/07\/KONTEL_logo-KOLOR-150x150.png\" class=\"attachment-thumbnail size-thumbnail wp-image-438\" alt=\"\" srcset=\"https:\/\/vocovo.kontel.pl\/wp-content\/uploads\/2024\/07\/KONTEL_logo-KOLOR-150x150.png 150w, https:\/\/vocovo.kontel.pl\/wp-content\/uploads\/2024\/07\/KONTEL_logo-KOLOR-300x300.png 300w, https:\/\/vocovo.kontel.pl\/wp-content\/uploads\/2024\/07\/KONTEL_logo-KOLOR-1024x1024.png 1024w, https:\/\/vocovo.kontel.pl\/wp-content\/uploads\/2024\/07\/KONTEL_logo-KOLOR-768x768.png 768w, https:\/\/vocovo.kontel.pl\/wp-content\/uploads\/2024\/07\/KONTEL_logo-KOLOR.png 1182w\" sizes=\"(max-width: 150px) 100vw, 150px\" \/>\t\t\t\t\t\t\t\t\t\t\t\t\t<\/div>\n\t\t\t\t<\/div>\n\t\t<div class=\"elementor-element elementor-element-9e6695c e-con-full e-flex e-con e-child\" data-id=\"9e6695c\" data-element_type=\"container\">\n\t\t\t\t<div class=\"elementor-element elementor-element-5fe63cd elementor-widget elementor-widget-image\" data-id=\"5fe63cd\" data-element_type=\"widget\" data-widget_type=\"image.default\">\n\t\t\t\t<div class=\"elementor-widget-container\">\n\t\t\t<link rel=\"stylesheet\" href=\"https:\/\/vocovo.kontel.pl\/wp-content\/plugins\/elementor\/assets\/css\/widget-image.min.css?ver=1722412107\">\t\t\t\t\t\t\t\t\t\t<img decoding=\"async\" width=\"300\" height=\"46\" src=\"https:\/\/vocovo.kontel.pl\/wp-content\/uploads\/2024\/07\/vocovo-status-fioletowy_wys100px-300x46.png\" class=\"attachment-medium size-medium wp-image-196\" alt=\"\" srcset=\"https:\/\/vocovo.kontel.pl\/wp-content\/uploads\/2024\/07\/vocovo-status-fioletowy_wys100px-300x46.png 300w, https:\/\/vocovo.kontel.pl\/wp-content\/uploads\/2024\/07\/vocovo-status-fioletowy_wys100px.png 648w\" sizes=\"(max-width: 300px) 100vw, 300px\" \/>\t\t\t\t\t\t\t\t\t\t\t\t\t<\/div>\n\t\t\t\t<\/div>\n\t\t\t\t<div class=\"elementor-element elementor-element-c51370e elementor-widget elementor-widget-text-editor\" data-id=\"c51370e\" data-element_type=\"widget\" data-widget_type=\"text-editor.default\">\n\t\t\t\t<div class=\"elementor-widget-container\">\n\t\t\t<link rel=\"stylesheet\" href=\"https:\/\/vocovo.kontel.pl\/wp-content\/plugins\/elementor\/assets\/css\/widget-text-editor.min.css?ver=1722412107\">\t\t\t\t<p><b>KONTEL Sp. z o.o. Sp. k.<br \/><\/b>Wy\u0142\u0105czny importer i dystrybutor Vocovo w Polsce<\/p><p>Rakowiecka 30\u00a0 |\u00a0 02-528 Warszawa<br \/>tel. 22 565 45 28\u00a0 |\u00a0 vocovo@kontel.pl<br \/><a href=\"http:\/\/www.kontel.pl\">www.kontel.pl<\/a> \u00a0<\/p><p>Platforma B2B: <a href=\"http:\/\/www.kontel.net\">www.kontel.net<\/a>\u00a0<\/p>\t\t\t\t\t\t<\/div>\n\t\t\t\t<\/div>\n\t\t\t\t<\/div>\n\t\t\t\t<div class=\"elementor-element elementor-element-7577876 elementor-widget elementor-widget-text-editor\" data-id=\"7577876\" data-element_type=\"widget\" data-widget_type=\"text-editor.default\">\n\t\t\t\t<div class=\"elementor-widget-container\">\n\t\t\t\t\t\t\t<p>KONTEL to ca\u0142kowicie polski bezpo\u015bredni importer i dystrybutor z warto\u015bci\u0105 dodan\u0105. Od ponad 40 lat dzia\u0142amy w obszarze dystrybucji rozwi\u0105za\u0144 do komunikacji audio-wideo, wspieraj\u0105c zespo\u0142y w firmach i instytucjach. Portfolio firmy tworzy ponad 40 renomowanych marek w zakresie audio i wideokonferencji, nagrywania i streamingu, system\u00f3w \u0142\u0105czno\u015bci dla kluczowych ga\u0142\u0119zi przemys\u0142u, otwartych przestrzeni biurowych, sal konferencyjnych i wsp\u00f3\u0142pracy zdalnej. KONTEL, jako dystrybutor z warto\u015bci\u0105 dodan\u0105, \u015bwiadczy r\u00f3wnie\u017c wsparcie techniczne, serwisowe oraz doradcze, aby zapewni\u0107 klientom i partnerom handlowym optymalne rozwi\u0105zania dostosowane do ich specyficznych potrzeb.\u00a0<\/p>\t\t\t\t\t\t<\/div>\n\t\t\t\t<\/div>\n\t\t\t\t<\/div>\n\t\t\t\t<\/div>\n\t\t<div class=\"elementor-element elementor-element-ae16306 e-con-full e-flex e-con e-child\" data-id=\"ae16306\" data-element_type=\"container\">\n\t\t\t\t<div class=\"elementor-element elementor-element-ad0eab8 elementor-widget elementor-widget-spacer\" data-id=\"ad0eab8\" data-element_type=\"widget\" data-widget_type=\"spacer.default\">\n\t\t\t\t<div class=\"elementor-widget-container\">\n\t\t\t\t\t<div class=\"elementor-spacer\">\n\t\t\t<div class=\"elementor-spacer-inner\"><\/div>\n\t\t<\/div>\n\t\t\t\t<\/div>\n\t\t\t\t<\/div>\n\t\t\t\t<\/div>\n\t\t\t\t<div class=\"elementor-element elementor-element-721c334 elementor-widget elementor-widget-heading\" data-id=\"721c334\" data-element_type=\"widget\" data-widget_type=\"heading.default\">\n\t\t\t\t<div class=\"elementor-widget-container\">\n\t\t\t<link rel=\"stylesheet\" href=\"https:\/\/vocovo.kontel.pl\/wp-content\/plugins\/elementor\/assets\/css\/widget-heading.min.css?ver=1722412107\"><h4 class=\"elementor-heading-title elementor-size-default\">POROZMAWIAJMY O VOCOVO<\/h4>\t\t<\/div>\n\t\t\t\t<\/div>\n\t\t<div class=\"elementor-element elementor-element-c7ce345 e-con-full e-flex e-con e-child\" data-id=\"c7ce345\" data-element_type=\"container\">\n\t\t\t\t<div class=\"elementor-element elementor-element-49a92e0 elementor-widget elementor-widget-spacer\" data-id=\"49a92e0\" data-element_type=\"widget\" data-widget_type=\"spacer.default\">\n\t\t\t\t<div class=\"elementor-widget-container\">\n\t\t\t\t\t<div class=\"elementor-spacer\">\n\t\t\t<div class=\"elementor-spacer-inner\"><\/div>\n\t\t<\/div>\n\t\t\t\t<\/div>\n\t\t\t\t<\/div>\n\t\t\t\t<\/div>\n\t\t\t\t<div class=\"elementor-element elementor-element-28dbb50 elementor-button-align-end elementor-widget elementor-widget-form\" data-id=\"28dbb50\" data-element_type=\"widget\" data-settings=\"{&quot;step_next_label&quot;:&quot;Nast\\u0119pny&quot;,&quot;step_previous_label&quot;:&quot;Poprzedni&quot;,&quot;button_width&quot;:&quot;100&quot;,&quot;step_type&quot;:&quot;number_text&quot;,&quot;step_icon_shape&quot;:&quot;circle&quot;}\" data-widget_type=\"form.default\">\n\t\t\t\t<div class=\"elementor-widget-container\">\n\t\t\t<link rel=\"stylesheet\" href=\"https:\/\/vocovo.kontel.pl\/wp-content\/plugins\/elementor-pro\/assets\/css\/widget-forms.min.css?ver=1722412055\">\t\t<form class=\"elementor-form\" method=\"post\" name=\"Nowy formularz\">\n\t\t\t<input type=\"hidden\" name=\"post_id\" value=\"413\"\/>\n\t\t\t<input type=\"hidden\" name=\"form_id\" value=\"28dbb50\"\/>\n\t\t\t<input type=\"hidden\" name=\"referer_title\" value=\"Kontakt\" \/>\n\n\t\t\t\t\t\t\t<input type=\"hidden\" name=\"queried_id\" value=\"413\"\/>\n\t\t\t\n\t\t\t<div class=\"elementor-form-fields-wrapper elementor-labels-\">\n\t\t\t\t\t\t\t\t<div class=\"elementor-field-type-text elementor-field-group elementor-column elementor-field-group-name elementor-col-33 elementor-field-required\">\n\t\t\t\t\t\t\t\t\t\t\t\t<label for=\"form-field-name\" class=\"elementor-field-label elementor-screen-only\">\n\t\t\t\t\t\t\t\tImi\u0119\t\t\t\t\t\t\t<\/label>\n\t\t\t\t\t\t\t\t\t\t\t\t\t\t<input size=\"1\" type=\"text\" name=\"form_fields[name]\" id=\"form-field-name\" class=\"elementor-field elementor-size-xs  elementor-field-textual\" placeholder=\"Imi\u0119\" required=\"required\" aria-required=\"true\">\n\t\t\t\t\t\t\t\t\t\t\t<\/div>\n\t\t\t\t\t\t\t\t<div class=\"elementor-field-type-text elementor-field-group elementor-column elementor-field-group-field_4a274e0 elementor-col-33 elementor-field-required\">\n\t\t\t\t\t\t\t\t\t\t\t\t<label for=\"form-field-field_4a274e0\" class=\"elementor-field-label elementor-screen-only\">\n\t\t\t\t\t\t\t\tNazwisko\t\t\t\t\t\t\t<\/label>\n\t\t\t\t\t\t\t\t\t\t\t\t\t\t<input size=\"1\" type=\"text\" name=\"form_fields[field_4a274e0]\" id=\"form-field-field_4a274e0\" class=\"elementor-field elementor-size-xs  elementor-field-textual\" placeholder=\"Nazwisko\" required=\"required\" aria-required=\"true\">\n\t\t\t\t\t\t\t\t\t\t\t<\/div>\n\t\t\t\t\t\t\t\t<div class=\"elementor-field-type-text elementor-field-group elementor-column elementor-field-group-field_6d34529 elementor-col-33 elementor-field-required\">\n\t\t\t\t\t\t\t\t\t\t\t\t<label for=\"form-field-field_6d34529\" class=\"elementor-field-label elementor-screen-only\">\n\t\t\t\t\t\t\t\tFirma\t\t\t\t\t\t\t<\/label>\n\t\t\t\t\t\t\t\t\t\t\t\t\t\t<input size=\"1\" type=\"text\" name=\"form_fields[field_6d34529]\" id=\"form-field-field_6d34529\" class=\"elementor-field elementor-size-xs  elementor-field-textual\" placeholder=\"Firma\" required=\"required\" aria-required=\"true\">\n\t\t\t\t\t\t\t\t\t\t\t<\/div>\n\t\t\t\t\t\t\t\t<div class=\"elementor-field-type-tel elementor-field-group elementor-column elementor-field-group-field_4e0644d elementor-col-33 elementor-field-required\">\n\t\t\t\t\t\t\t\t\t\t\t\t<label for=\"form-field-field_4e0644d\" class=\"elementor-field-label elementor-screen-only\">\n\t\t\t\t\t\t\t\tNumer telefonu\t\t\t\t\t\t\t<\/label>\n\t\t\t\t\t\t\t\t<input size=\"1\" type=\"tel\" name=\"form_fields[field_4e0644d]\" id=\"form-field-field_4e0644d\" class=\"elementor-field elementor-size-xs  elementor-field-textual\" placeholder=\"Numer telefonu\" required=\"required\" aria-required=\"true\" pattern=\"[0-9()#&amp;+*-=.]+\" title=\"Akceptowane s\u0105 jedynie cyfry i znaki telefoniczne (#,-,*).\">\n\n\t\t\t\t\t\t<\/div>\n\t\t\t\t\t\t\t\t<div class=\"elementor-field-type-email elementor-field-group elementor-column elementor-field-group-email elementor-col-33 elementor-field-required\">\n\t\t\t\t\t\t\t\t\t\t\t\t<label for=\"form-field-email\" class=\"elementor-field-label elementor-screen-only\">\n\t\t\t\t\t\t\t\tE-mail\t\t\t\t\t\t\t<\/label>\n\t\t\t\t\t\t\t\t\t\t\t\t\t\t<input size=\"1\" type=\"email\" name=\"form_fields[email]\" id=\"form-field-email\" class=\"elementor-field elementor-size-xs  elementor-field-textual\" placeholder=\"E-mail\" required=\"required\" aria-required=\"true\">\n\t\t\t\t\t\t\t\t\t\t\t<\/div>\n\t\t\t\t\t\t\t\t<div class=\"elementor-field-type-textarea elementor-field-group elementor-column elementor-field-group-message elementor-col-100 elementor-field-required\">\n\t\t\t\t\t\t\t\t\t\t\t\t<label for=\"form-field-message\" class=\"elementor-field-label elementor-screen-only\">\n\t\t\t\t\t\t\t\tWiadomo\u015b\u0107\t\t\t\t\t\t\t<\/label>\n\t\t\t\t\t\t<textarea class=\"elementor-field-textual elementor-field  elementor-size-xs\" name=\"form_fields[message]\" id=\"form-field-message\" rows=\"3\" placeholder=\"Wiadomo\u015b\u0107\" required=\"required\" aria-required=\"true\"><\/textarea>\t\t\t\t<\/div>\n\t\t\t\t\t\t\t\t<div class=\"elementor-field-type-acceptance elementor-field-group elementor-column elementor-field-group-field_d10be16 elementor-col-100 elementor-field-required\">\n\t\t\t\t\t\t\t<div class=\"elementor-field-subgroup\">\n\t\t\t<span class=\"elementor-field-option\">\n\t\t\t\t<input type=\"checkbox\" name=\"form_fields[field_d10be16]\" id=\"form-field-field_d10be16\" class=\"elementor-field elementor-size-xs  elementor-acceptance-field\" required=\"required\" aria-required=\"true\">\n\t\t\t\t<label for=\"form-field-field_d10be16\">Wyra\u017cam zgod\u0119 na przetwarzanie danych zawartych w formularzu przez KONTEL Sp. z o.o. Sp. k. w celu odpowiedzi na przes\u0142ane zapytanie<\/label>\t\t\t<\/span>\n\t\t<\/div>\n\t\t\t\t\t\t<\/div>\n\t\t\t\t\t\t\t\t<div class=\"elementor-field-group elementor-column elementor-field-type-submit elementor-col-100 e-form__buttons\">\n\t\t\t\t\t<button class=\"elementor-button elementor-size-sm\" type=\"submit\">\n\t\t\t\t\t\t<span class=\"elementor-button-content-wrapper\">\n\t\t\t\t\t\t\t\t\t\t\t\t\t\t\t<span class=\"elementor-button-icon\">\n\t\t\t\t\t\t\t\t\t<svg aria-hidden=\"true\" class=\"e-font-icon-svg e-far-envelope\" viewBox=\"0 0 512 512\" xmlns=\"http:\/\/www.w3.org\/2000\/svg\"><path d=\"M464 64H48C21.49 64 0 85.49 0 112v288c0 26.51 21.49 48 48 48h416c26.51 0 48-21.49 48-48V112c0-26.51-21.49-48-48-48zm0 48v40.805c-22.422 18.259-58.168 46.651-134.587 106.49-16.841 13.247-50.201 45.072-73.413 44.701-23.208.375-56.579-31.459-73.413-44.701C106.18 199.465 70.425 171.067 48 152.805V112h416zM48 400V214.398c22.914 18.251 55.409 43.862 104.938 82.646 21.857 17.205 60.134 55.186 103.062 54.955 42.717.231 80.509-37.199 103.053-54.947 49.528-38.783 82.032-64.401 104.947-82.653V400H48z\"><\/path><\/svg>\t\t\t\t\t\t\t\t\t\t\t\t\t\t\t\t\t<\/span>\n\t\t\t\t\t\t\t\t\t\t\t\t\t\t\t\t\t\t\t\t\t\t<span class=\"elementor-button-text\">Wy\u015blij<\/span>\n\t\t\t\t\t\t\t\t\t\t\t\t\t<\/span>\n\t\t\t\t\t<\/button>\n\t\t\t\t<\/div>\n\t\t\t<\/div>\n\t\t<\/form>\n\t\t\t\t<\/div>\n\t\t\t\t<\/div>\n\t\t\t\t\t<\/div>\n\t\t\t\t<\/div>\n\t\t\t\t<\/div>\n\t\t","protected":false},"excerpt":{"rendered":"<p>KONTEL Sp. z o.o. Sp. k.Wy\u0142\u0105czny importer i dystrybutor Vocovo w Polsce Rakowiecka 30\u00a0 |\u00a0 02-528 Warszawatel. 22 565 45 28\u00a0 |\u00a0 vocovo@kontel.plwww.kontel.pl \u00a0 Platforma B2B: www.kontel.net\u00a0 KONTEL to ca\u0142kowicie polski bezpo\u015bredni importer i dystrybutor z warto\u015bci\u0105 dodan\u0105. Od ponad 40 lat dzia\u0142amy w obszarze dystrybucji rozwi\u0105za\u0144 do komunikacji audio-wideo, wspieraj\u0105c zespo\u0142y w firmach i [&hellip;]<\/p>\n","protected":false},"author":1,"featured_media":0,"parent":0,"menu_order":0,"comment_status":"closed","ping_status":"closed","template":"","meta":{"footnotes":""},"class_list":["post-413","page","type-page","status-publish","hentry"],"_links":{"self":[{"href":"https:\/\/vocovo.kontel.pl\/index.php?rest_route=\/wp\/v2\/pages\/413","targetHints":{"allow":["GET"]}}],"collection":[{"href":"https:\/\/vocovo.kontel.pl\/index.php?rest_route=\/wp\/v2\/pages"}],"about":[{"href":"https:\/\/vocovo.kontel.pl\/index.php?rest_route=\/wp\/v2\/types\/page"}],"author":[{"embeddable":true,"href":"https:\/\/vocovo.kontel.pl\/index.php?rest_route=\/wp\/v2\/users\/1"}],"replies":[{"embeddable":true,"href":"https:\/\/vocovo.kontel.pl\/index.php?rest_route=%2Fwp%2Fv2%2Fcomments&post=413"}],"version-history":[{"count":13,"href":"https:\/\/vocovo.kontel.pl\/index.php?rest_route=\/wp\/v2\/pages\/413\/revisions"}],"predecessor-version":[{"id":620,"href":"https:\/\/vocovo.kontel.pl\/index.php?rest_route=\/wp\/v2\/pages\/413\/revisions\/620"}],"wp:attachment":[{"href":"https:\/\/vocovo.kontel.pl\/index.php?rest_route=%2Fwp%2Fv2%2Fmedia&parent=413"}],"curies":[{"name":"wp","href":"https:\/\/api.w.org\/{rel}","templated":true}]}}